{"id":1686,"date":"2017-06-09T14:12:15","date_gmt":"2017-06-09T12:12:15","guid":{"rendered":"https:\/\/hotes-malet-roquefort.fr\/welcome-to-domaines-comte-malet-roquefort\/"},"modified":"2025-12-17T16:18:14","modified_gmt":"2025-12-17T15:18:14","slug":"welcome-to-domaines-comte-malet-roquefort","status":"publish","type":"page","link":"https:\/\/villas-malet-roquefort.fr\/en\/","title":{"rendered":"Welcome to Domaines Comte de Malet Roquefort"},"content":{"rendered":"<p style=\"text-align: center;\"><span style=\"font-weight: 400;\">Since 1705, the Malet Roquefort family have passed on the torch and the history of their vineyards. They are keen to share their know-how.<br \/>Today, the family opens its doors to you.<br \/>You&#8217;ll stay in a unique setting and be welcomed by our concierge service. <\/span><\/p>\n<p style=\"text-align: center;\"><span style=\"font-weight: 400;\">The Domaines Comte de Malet Roquefort comprise four wine estates, including the prestigious Ch\u00e2teau la Gaffeli\u00e8re.<\/span><\/p>\n<p style=\"text-align: center;\"><span style=\"font-weight: 400;\"> Discover our wines on our <a href=\"https:\/\/boutique.domaines-maletroquefort.com\/\">online store<\/a>.<\/span><\/p>\n<p>Discover our various services here: <\/p>\n<ul>\n<li><a href=\"https:\/\/villas-malet-roquefort.fr\/location-villa-gironde-piscine\/\">Villa rentals with pool in Gironde<\/a><\/li>\n<li><a href=\"https:\/\/villas-malet-roquefort.fr\/en\/luxury-villa-rentals-in-gironde\/\">Luxury villa rentals in Gironde<\/a><\/li>\n<\/ul>\n<div class=\"mphb_sc_rooms-wrapper mphb-room-types grid-view columns-2\">\n<div class=\"mphb-room-type post-1762 mphb_room_type type-mphb_room_type status-publish has-post-thumbnail mphb_room_type_facility-bath-towels mphb_room_type_facility-body-hair-gel-and-conditioner mphb_room_type_facility-free-wifi mphb_room_type_facility-kettle mphb_room_type_facility-microwave mphb_room_type_facility-nespresso-coffee-machine mphb_room_type_facility-private-garden mphb_room_type_facility-secure-private-parking-space mphb_room_type_facility-small-fridge mphb_room_type_facility-television mphb-room-type-adults-2 mphb-room-type-children-0 has-taxes-and-fees\">\n\n\t\n\t\n\n\t<p class=\"post-thumbnail mphb-loop-room-thumbnail\"><span class=\"mphb_room_type_featured_image_wrapper\">\n\t<a href=\"https:\/\/villas-malet-roquefort.fr\/en\/accommodation\/palat-room\/\">\n\t<img loading=\"lazy\" decoding=\"async\" width=\"1\" height=\"1\" src=\"https:\/\/villas-malet-roquefort.fr\/wp-content\/uploads\/2025\/04\/palat-chambre-1.webp\" class=\"attachment-villagio-thumb-small size-villagio-thumb-small wp-post-image\" alt=\"\" \/>\t<\/a>\n\n\t<\/span><!-- .mphb_room_type_featured_image_wrapper --><\/p>\n\n<h2 class=\"mphb-room-type-title entry-title\">\n\n<a class=\"mphb-room-type-title\" href=\"https:\/\/villas-malet-roquefort.fr\/en\/accommodation\/palat-room\/\">\n    Palat room -     <svg style=\"height: 1.2em; margin-bottom: -5px;\" fill=\"#000000\" xmlns=\"http:\/\/www.w3.org\/2000\/svg\" viewBox=\"0 0 32 32\">\n        <path d=\"M13 16.168c1.918-0.007 3.635-0.864 4.793-2.215l0.007-0.009c0.93 1.101 2.312 1.796 3.856 1.796 2.782 0 5.036-2.255 5.036-5.036s-2.255-5.036-5.036-5.036c-1.171 0-2.248 0.4-3.104 1.070l0.011-0.008c-1.106-1.979-3.187-3.294-5.576-3.294-3.516 0-6.366 2.85-6.366 6.366s2.85 6.366 6.366 6.366c0.005 0 0.009 0 0.014 0h-0.001zM19.152 8.172c0.643-0.643 1.532-1.040 2.513-1.040 1.964 0 3.556 1.592 3.556 3.556s-1.592 3.556-3.556 3.556c-1.244 0-2.339-0.639-2.974-1.606l-0.008-0.013c0.432-0.824 0.689-1.8 0.696-2.835v-0.002c-0.008-0.582-0.094-1.141-0.247-1.671l0.011 0.044zM13 4.909c2.695 0 4.879 2.185 4.879 4.879s-2.185 4.879-4.879 4.879-4.879-2.185-4.879-4.879c0-0 0-0 0-0.001v0c0.003-2.694 2.186-4.876 4.88-4.879h0zM30.732 24.996c-0.938-4.22-4.648-7.328-9.085-7.328-1.725 0-3.34 0.47-4.725 1.289l0.043-0.024c-1.18-0.434-2.543-0.687-3.965-0.689h-0.001c-5.713 0.024-10.488 4.013-11.717 9.356l-0.016 0.081c-0.011 0.048-0.017 0.103-0.017 0.16 0 0.414 0.336 0.75 0.75 0.75 0.357 0 0.656-0.25 0.731-0.585l0.001-0.005c1.071-4.757 5.261-8.258 10.268-8.258s9.196 3.5 10.254 8.188l0.013 0.070c0.076 0.34 0.374 0.59 0.732 0.59 0 0 0.001 0 0.001 0h-0c0.057-0 0.112-0.007 0.165-0.019l-0.005 0.001c0.34-0.076 0.59-0.375 0.59-0.733 0-0.057-0.006-0.112-0.018-0.165l0.001 0.005c-0.79-3.454-2.981-6.285-5.929-7.916l-0.062-0.031c0.863-0.358 1.864-0.566 2.915-0.566 3.72 0 6.83 2.609 7.602 6.097l0.010 0.052c0.076 0.34 0.374 0.59 0.732 0.59 0 0 0.001 0 0.001 0h-0c0.057-0 0.112-0.007 0.165-0.019l-0.005 0.001c0.34-0.076 0.59-0.375 0.59-0.733 0-0.057-0.006-0.112-0.018-0.165l0.001 0.005z\"><\/path>\n    <\/svg>\n    2<\/a>\n\n<\/h2>\n\n<p>Exclusive historic site at the gates of Ch\u00e2teau la Gaffeli\u00e8re. Private room on the first floor with breathtaking views of the prestigious vineyards. Ideally located between the SNCF train station and Saint-\u00c9milion, within walking distance.<\/p>\n\n\n\n\t<p class=\"mphb-regular-price\"><strong>Prices start at:<\/strong>\n\t<span class=\"mphb-price\">169<span class=\"mphb-currency\">&euro;<\/span><\/span> <span class=\"mphb-price-period\" title=\"Choose dates to see relevant prices\">per night<\/span><span class=\"mphb-tax-information taxes-included\"> (+taxes and fees)<\/span>\n\t<\/p>\n\t\n<p class=\"mphb-view-details-button-wrapper\">\n<a class=\"button mphb-view-details-button\" href=\"https:\/\/villas-malet-roquefort.fr\/en\/accommodation\/palat-room\/\" >View Details<\/a>\n<\/p>\n\t\n<\/div>\n\n<div class=\"mphb-room-type post-1761 mphb_room_type type-mphb_room_type status-publish has-post-thumbnail mphb_room_type_facility-air-conditioning mphb_room_type_facility-bath-towels mphb_room_type_facility-free-wifi mphb_room_type_facility-fully-equipped-kitchen mphb_room_type_facility-living-room-dining-room mphb_room_type_facility-nespresso-coffee-machine mphb_room_type_facility-nuxe-products-body-hair-gel-and-conditioner mphb_room_type_facility-plancha-en mphb_room_type_facility-private-garden mphb_room_type_facility-private-pool mphb_room_type_facility-television mphb_room_type_facility-washing-machines-and-dryers mphb-room-type-adults-6 mphb-room-type-children-5 has-taxes-and-fees\">\n\n\t\n\t\n\n\t<p class=\"post-thumbnail mphb-loop-room-thumbnail\"><span class=\"mphb_room_type_featured_image_wrapper\">\n\t<a href=\"https:\/\/villas-malet-roquefort.fr\/en\/accommodation\/villa-st-andrews\/\">\n\t<img loading=\"lazy\" decoding=\"async\" width=\"717\" height=\"540\" src=\"https:\/\/villas-malet-roquefort.fr\/wp-content\/uploads\/2025\/04\/st-andrews-piscine-717x540.webp\" class=\"attachment-villagio-thumb-small size-villagio-thumb-small wp-post-image\" alt=\"\" srcset=\"https:\/\/villas-malet-roquefort.fr\/wp-content\/uploads\/2025\/04\/st-andrews-piscine-717x540.webp 717w, https:\/\/villas-malet-roquefort.fr\/wp-content\/uploads\/2025\/04\/st-andrews-piscine-1434x1080.webp 1434w\" sizes=\"auto, (max-width: 717px) 100vw, 717px\" \/>\t<\/a>\n\n\t<\/span><!-- .mphb_room_type_featured_image_wrapper --><\/p>\n\n<h2 class=\"mphb-room-type-title entry-title\">\n\n<a class=\"mphb-room-type-title\" href=\"https:\/\/villas-malet-roquefort.fr\/en\/accommodation\/villa-st-andrews\/\">\n    Villa St Andrews -     <svg style=\"height: 1.2em; margin-bottom: -5px;\" fill=\"#000000\" xmlns=\"http:\/\/www.w3.org\/2000\/svg\" viewBox=\"0 0 32 32\">\n        <path d=\"M13 16.168c1.918-0.007 3.635-0.864 4.793-2.215l0.007-0.009c0.93 1.101 2.312 1.796 3.856 1.796 2.782 0 5.036-2.255 5.036-5.036s-2.255-5.036-5.036-5.036c-1.171 0-2.248 0.4-3.104 1.070l0.011-0.008c-1.106-1.979-3.187-3.294-5.576-3.294-3.516 0-6.366 2.85-6.366 6.366s2.85 6.366 6.366 6.366c0.005 0 0.009 0 0.014 0h-0.001zM19.152 8.172c0.643-0.643 1.532-1.040 2.513-1.040 1.964 0 3.556 1.592 3.556 3.556s-1.592 3.556-3.556 3.556c-1.244 0-2.339-0.639-2.974-1.606l-0.008-0.013c0.432-0.824 0.689-1.8 0.696-2.835v-0.002c-0.008-0.582-0.094-1.141-0.247-1.671l0.011 0.044zM13 4.909c2.695 0 4.879 2.185 4.879 4.879s-2.185 4.879-4.879 4.879-4.879-2.185-4.879-4.879c0-0 0-0 0-0.001v0c0.003-2.694 2.186-4.876 4.88-4.879h0zM30.732 24.996c-0.938-4.22-4.648-7.328-9.085-7.328-1.725 0-3.34 0.47-4.725 1.289l0.043-0.024c-1.18-0.434-2.543-0.687-3.965-0.689h-0.001c-5.713 0.024-10.488 4.013-11.717 9.356l-0.016 0.081c-0.011 0.048-0.017 0.103-0.017 0.16 0 0.414 0.336 0.75 0.75 0.75 0.357 0 0.656-0.25 0.731-0.585l0.001-0.005c1.071-4.757 5.261-8.258 10.268-8.258s9.196 3.5 10.254 8.188l0.013 0.070c0.076 0.34 0.374 0.59 0.732 0.59 0 0 0.001 0 0.001 0h-0c0.057-0 0.112-0.007 0.165-0.019l-0.005 0.001c0.34-0.076 0.59-0.375 0.59-0.733 0-0.057-0.006-0.112-0.018-0.165l0.001 0.005c-0.79-3.454-2.981-6.285-5.929-7.916l-0.062-0.031c0.863-0.358 1.864-0.566 2.915-0.566 3.72 0 6.83 2.609 7.602 6.097l0.010 0.052c0.076 0.34 0.374 0.59 0.732 0.59 0 0 0.001 0 0.001 0h-0c0.057-0 0.112-0.007 0.165-0.019l-0.005 0.001c0.34-0.076 0.59-0.375 0.59-0.733 0-0.057-0.006-0.112-0.018-0.165l0.001 0.005z\"><\/path>\n    <\/svg>\n    6<\/a>\n\n<\/h2>\n\n<p>Elegant air-conditioned cottage villa overlooking the 5-star Grand St Emilionnais golf course. Private pool and warm decor. 10km from Saint-\u00c9milion on the Route des Grands Vins. Free tasting at Ch\u00e2teau La Gaffeli\u00e8re.   <\/p>\n\n\n\n\t<p class=\"mphb-regular-price\"><strong>Prices start at:<\/strong>\n\t<span class=\"mphb-price\">230<span class=\"mphb-currency\">&euro;<\/span><\/span> <span class=\"mphb-price-period\" title=\"Choose dates to see relevant prices\">per night<\/span><span class=\"mphb-tax-information taxes-included\"> (+taxes and fees)<\/span>\n\t<\/p>\n\t\n<p class=\"mphb-view-details-button-wrapper\">\n<a class=\"button mphb-view-details-button\" href=\"https:\/\/villas-malet-roquefort.fr\/en\/accommodation\/villa-st-andrews\/\" >View Details<\/a>\n<\/p>\n\t\n<\/div>\n\n<div class=\"mphb-room-type post-1760 mphb_room_type type-mphb_room_type status-publish has-post-thumbnail mphb_room_type_facility-barbecue-en mphb_room_type_facility-bath-towels mphb_room_type_facility-free-wifi mphb_room_type_facility-fully-equipped-kitchen mphb_room_type_facility-functional-fireplace mphb_room_type_facility-living-room-dining-room mphb_room_type_facility-nespresso-coffee-machine mphb_room_type_facility-nuxe-products-body-hair-gel-and-conditioner mphb_room_type_facility-private-fenced-garden mphb_room_type_facility-private-heated-pool mphb_room_type_facility-television mphb_room_type_facility-washing-machines-and-dryers mphb-room-type-adults-10 mphb-room-type-children-9 has-taxes-and-fees\">\n\n\t\n\t\n\n\t<p class=\"post-thumbnail mphb-loop-room-thumbnail\"><span class=\"mphb_room_type_featured_image_wrapper\">\n\t<a href=\"https:\/\/villas-malet-roquefort.fr\/en\/accommodation\/domaine-du-galet\/\">\n\t<img loading=\"lazy\" decoding=\"async\" width=\"1\" height=\"1\" src=\"https:\/\/villas-malet-roquefort.fr\/wp-content\/uploads\/2025\/04\/galet-terasse.webp\" class=\"attachment-villagio-thumb-small size-villagio-thumb-small wp-post-image\" alt=\"\" \/>\t<\/a>\n\n\t<\/span><!-- .mphb_room_type_featured_image_wrapper --><\/p>\n\n<h2 class=\"mphb-room-type-title entry-title\">\n\n<a class=\"mphb-room-type-title\" href=\"https:\/\/villas-malet-roquefort.fr\/en\/accommodation\/domaine-du-galet\/\">\n    Domaine du Galet -     <svg style=\"height: 1.2em; margin-bottom: -5px;\" fill=\"#000000\" xmlns=\"http:\/\/www.w3.org\/2000\/svg\" viewBox=\"0 0 32 32\">\n        <path d=\"M13 16.168c1.918-0.007 3.635-0.864 4.793-2.215l0.007-0.009c0.93 1.101 2.312 1.796 3.856 1.796 2.782 0 5.036-2.255 5.036-5.036s-2.255-5.036-5.036-5.036c-1.171 0-2.248 0.4-3.104 1.070l0.011-0.008c-1.106-1.979-3.187-3.294-5.576-3.294-3.516 0-6.366 2.85-6.366 6.366s2.85 6.366 6.366 6.366c0.005 0 0.009 0 0.014 0h-0.001zM19.152 8.172c0.643-0.643 1.532-1.040 2.513-1.040 1.964 0 3.556 1.592 3.556 3.556s-1.592 3.556-3.556 3.556c-1.244 0-2.339-0.639-2.974-1.606l-0.008-0.013c0.432-0.824 0.689-1.8 0.696-2.835v-0.002c-0.008-0.582-0.094-1.141-0.247-1.671l0.011 0.044zM13 4.909c2.695 0 4.879 2.185 4.879 4.879s-2.185 4.879-4.879 4.879-4.879-2.185-4.879-4.879c0-0 0-0 0-0.001v0c0.003-2.694 2.186-4.876 4.88-4.879h0zM30.732 24.996c-0.938-4.22-4.648-7.328-9.085-7.328-1.725 0-3.34 0.47-4.725 1.289l0.043-0.024c-1.18-0.434-2.543-0.687-3.965-0.689h-0.001c-5.713 0.024-10.488 4.013-11.717 9.356l-0.016 0.081c-0.011 0.048-0.017 0.103-0.017 0.16 0 0.414 0.336 0.75 0.75 0.75 0.357 0 0.656-0.25 0.731-0.585l0.001-0.005c1.071-4.757 5.261-8.258 10.268-8.258s9.196 3.5 10.254 8.188l0.013 0.070c0.076 0.34 0.374 0.59 0.732 0.59 0 0 0.001 0 0.001 0h-0c0.057-0 0.112-0.007 0.165-0.019l-0.005 0.001c0.34-0.076 0.59-0.375 0.59-0.733 0-0.057-0.006-0.112-0.018-0.165l0.001 0.005c-0.79-3.454-2.981-6.285-5.929-7.916l-0.062-0.031c0.863-0.358 1.864-0.566 2.915-0.566 3.72 0 6.83 2.609 7.602 6.097l0.010 0.052c0.076 0.34 0.374 0.59 0.732 0.59 0 0 0.001 0 0.001 0h-0c0.057-0 0.112-0.007 0.165-0.019l-0.005 0.001c0.34-0.076 0.59-0.375 0.59-0.733 0-0.057-0.006-0.112-0.018-0.165l0.001 0.005z\"><\/path>\n    <\/svg>\n    10<\/a>\n\n<\/h2>\n\n<p>Refined Maison de Ma\u00eetre on a listed green island in Libourne. Exceptional view over the Dordogne and vineyards. Recently elegantly restored. Free tasting at Ch\u00e2teau La Gaffeli\u00e8re.   <\/p>\n\n\n\n\t<p class=\"mphb-regular-price\"><strong>Prices start at:<\/strong>\n\t<span class=\"mphb-price\">550<span class=\"mphb-currency\">&euro;<\/span><\/span> <span class=\"mphb-price-period\" title=\"Choose dates to see relevant prices\">per night<\/span><span class=\"mphb-tax-information taxes-included\"> (+taxes and fees)<\/span>\n\t<\/p>\n\t\n<p class=\"mphb-view-details-button-wrapper\">\n<a class=\"button mphb-view-details-button\" href=\"https:\/\/villas-malet-roquefort.fr\/en\/accommodation\/domaine-du-galet\/\" >View Details<\/a>\n<\/p>\n\t\n<\/div>\n\n<div class=\"mphb-room-type post-1759 mphb_room_type type-mphb_room_type status-publish has-post-thumbnail mphb_room_type_facility-barbecue-en mphb_room_type_facility-bath-towels mphb_room_type_facility-free-wifi mphb_room_type_facility-fully-equipped-kitchen mphb_room_type_facility-living-room-dining-room mphb_room_type_facility-nespresso-coffee-machine mphb_room_type_facility-nuxe-products-body-hair-gel-and-conditioner mphb_room_type_facility-private-garden mphb_room_type_facility-private-heated-pool mphb_room_type_facility-television mphb_room_type_facility-washing-machines-and-dryers mphb-room-type-adults-10 mphb-room-type-children-9 has-taxes-and-fees\">\n\n\t\n\t\n\n\t<p class=\"post-thumbnail mphb-loop-room-thumbnail\"><span class=\"mphb_room_type_featured_image_wrapper\">\n\t<a href=\"https:\/\/villas-malet-roquefort.fr\/en\/accommodation\/chateau-armens\/\">\n\t<img loading=\"lazy\" decoding=\"async\" width=\"717\" height=\"540\" src=\"https:\/\/villas-malet-roquefort.fr\/wp-content\/uploads\/2025\/04\/armens-piscine-1-717x540.webp\" class=\"attachment-villagio-thumb-small size-villagio-thumb-small wp-post-image\" alt=\"\" srcset=\"https:\/\/villas-malet-roquefort.fr\/wp-content\/uploads\/2025\/04\/armens-piscine-1-717x540.webp 717w, https:\/\/villas-malet-roquefort.fr\/wp-content\/uploads\/2025\/04\/armens-piscine-1-1434x1080.webp 1434w\" sizes=\"auto, (max-width: 717px) 100vw, 717px\" \/>\t<\/a>\n\n\t<\/span><!-- .mphb_room_type_featured_image_wrapper --><\/p>\n\n<h2 class=\"mphb-room-type-title entry-title\">\n\n<a class=\"mphb-room-type-title\" href=\"https:\/\/villas-malet-roquefort.fr\/en\/accommodation\/chateau-armens\/\">\n    Villa d&#8217;Armens -     <svg style=\"height: 1.2em; margin-bottom: -5px;\" fill=\"#000000\" xmlns=\"http:\/\/www.w3.org\/2000\/svg\" viewBox=\"0 0 32 32\">\n        <path d=\"M13 16.168c1.918-0.007 3.635-0.864 4.793-2.215l0.007-0.009c0.93 1.101 2.312 1.796 3.856 1.796 2.782 0 5.036-2.255 5.036-5.036s-2.255-5.036-5.036-5.036c-1.171 0-2.248 0.4-3.104 1.070l0.011-0.008c-1.106-1.979-3.187-3.294-5.576-3.294-3.516 0-6.366 2.85-6.366 6.366s2.85 6.366 6.366 6.366c0.005 0 0.009 0 0.014 0h-0.001zM19.152 8.172c0.643-0.643 1.532-1.040 2.513-1.040 1.964 0 3.556 1.592 3.556 3.556s-1.592 3.556-3.556 3.556c-1.244 0-2.339-0.639-2.974-1.606l-0.008-0.013c0.432-0.824 0.689-1.8 0.696-2.835v-0.002c-0.008-0.582-0.094-1.141-0.247-1.671l0.011 0.044zM13 4.909c2.695 0 4.879 2.185 4.879 4.879s-2.185 4.879-4.879 4.879-4.879-2.185-4.879-4.879c0-0 0-0 0-0.001v0c0.003-2.694 2.186-4.876 4.88-4.879h0zM30.732 24.996c-0.938-4.22-4.648-7.328-9.085-7.328-1.725 0-3.34 0.47-4.725 1.289l0.043-0.024c-1.18-0.434-2.543-0.687-3.965-0.689h-0.001c-5.713 0.024-10.488 4.013-11.717 9.356l-0.016 0.081c-0.011 0.048-0.017 0.103-0.017 0.16 0 0.414 0.336 0.75 0.75 0.75 0.357 0 0.656-0.25 0.731-0.585l0.001-0.005c1.071-4.757 5.261-8.258 10.268-8.258s9.196 3.5 10.254 8.188l0.013 0.070c0.076 0.34 0.374 0.59 0.732 0.59 0 0 0.001 0 0.001 0h-0c0.057-0 0.112-0.007 0.165-0.019l-0.005 0.001c0.34-0.076 0.59-0.375 0.59-0.733 0-0.057-0.006-0.112-0.018-0.165l0.001 0.005c-0.79-3.454-2.981-6.285-5.929-7.916l-0.062-0.031c0.863-0.358 1.864-0.566 2.915-0.566 3.72 0 6.83 2.609 7.602 6.097l0.010 0.052c0.076 0.34 0.374 0.59 0.732 0.59 0 0 0.001 0 0.001 0h-0c0.057-0 0.112-0.007 0.165-0.019l-0.005 0.001c0.34-0.076 0.59-0.375 0.59-0.733 0-0.057-0.006-0.112-0.018-0.165l0.001 0.005z\"><\/path>\n    <\/svg>\n    14<\/a>\n\n<\/h2>\n\n<p>Sumptuous 18th-century residence at Ch\u00e2teau Armens, luxuriously renovated. Exceptional wine experience in a prestigious estate. Free tasting at Ch\u00e2teau La Gaffeli\u00e8re.<\/p>\n\n\n\n\t<p class=\"mphb-regular-price\"><strong>Prices start at:<\/strong>\n\t<span class=\"mphb-price\">675<span class=\"mphb-currency\">&euro;<\/span><\/span> <span class=\"mphb-price-period\" title=\"Choose dates to see relevant prices\">per night<\/span><span class=\"mphb-tax-information taxes-included\"> (+taxes and fees)<\/span>\n\t<\/p>\n\t\n<p class=\"mphb-view-details-button-wrapper\">\n<a class=\"button mphb-view-details-button\" href=\"https:\/\/villas-malet-roquefort.fr\/en\/accommodation\/chateau-armens\/\" >View Details<\/a>\n<\/p>\n\t\n<\/div>\n<\/div>\n\n<p><\/p>\n","protected":false},"excerpt":{"rendered":"<p>Since 1705, the Malet Roquefort family have passed on the torch and the history of their vineyards. They are keen to share their know-how.Today, the family opens its doors to you.You&#8217;ll stay in a unique setting and be welcomed by our concierge service. The Domaines Comte de Malet Roquefort comprise four wine estates, including the &hellip; <a href=\"https:\/\/villas-malet-roquefort.fr\/en\/accommodation\/chateau-armens\/\" class=\"more-link\">Continue reading<span class=\"screen-reader-text\"> &#8220;Villa d&#8217;Armens&#8221;<\/span><\/a><\/p>\n","protected":false},"author":3,"featured_media":0,"parent":0,"menu_order":0,"comment_status":"closed","ping_status":"closed","template":"template-front-page.php","meta":{"footnotes":""},"class_list":["post-1686","page","type-page","status-publish","hentry"],"yoast_head":"<!-- This site is optimized with the Yoast SEO plugin v27.4 - https:\/\/yoast.com\/product\/yoast-seo-wordpress\/ -->\n<title>Welcome to Domaines Comte de Malet Roquefort - Domaines comte de malet roquefort<\/title>\n<meta name=\"robots\" content=\"index, follow, max-snippet:-1, max-image-preview:large, max-video-preview:-1\" \/>\n<link rel=\"canonical\" href=\"https:\/\/villas-malet-roquefort.fr\/en\/\" \/>\n<meta property=\"og:locale\" content=\"en_US\" \/>\n<meta property=\"og:type\" content=\"article\" \/>\n<meta property=\"og:title\" content=\"Welcome to Domaines Comte de Malet Roquefort - Domaines comte de malet roquefort\" \/>\n<meta property=\"og:description\" content=\"Since 1705, the Malet Roquefort family have passed on the torch and the history of their vineyards. They are keen to share their know-how.Today, the family opens its doors to you.You&#8217;ll stay in a unique setting and be welcomed by our concierge service. The Domaines Comte de Malet Roquefort comprise four wine estates, including the &hellip; Continue reading &quot;Villa d&#8217;Armens&quot;\" \/>\n<meta property=\"og:url\" content=\"https:\/\/villas-malet-roquefort.fr\/en\/\" \/>\n<meta property=\"og:site_name\" content=\"Domaines comte de malet roquefort\" \/>\n<meta property=\"article:modified_time\" content=\"2025-12-17T15:18:14+00:00\" \/>\n<meta name=\"twitter:card\" content=\"summary_large_image\" \/>\n<meta name=\"twitter:label1\" content=\"Est. reading time\" \/>\n\t<meta name=\"twitter:data1\" content=\"1 minute\" \/>\n<script type=\"application\/ld+json\" class=\"yoast-schema-graph\">{\"@context\":\"https:\\\/\\\/schema.org\",\"@graph\":[{\"@type\":\"WebPage\",\"@id\":\"https:\\\/\\\/villas-malet-roquefort.fr\\\/en\\\/\",\"url\":\"https:\\\/\\\/villas-malet-roquefort.fr\\\/en\\\/\",\"name\":\"Welcome to Domaines Comte de Malet Roquefort - Domaines comte de malet roquefort\",\"isPartOf\":{\"@id\":\"https:\\\/\\\/villas-malet-roquefort.fr\\\/en\\\/#website\"},\"datePublished\":\"2017-06-09T12:12:15+00:00\",\"dateModified\":\"2025-12-17T15:18:14+00:00\",\"breadcrumb\":{\"@id\":\"https:\\\/\\\/villas-malet-roquefort.fr\\\/en\\\/#breadcrumb\"},\"inLanguage\":\"en-US\",\"potentialAction\":[{\"@type\":\"ReadAction\",\"target\":[\"https:\\\/\\\/villas-malet-roquefort.fr\\\/en\\\/\"]}]},{\"@type\":\"BreadcrumbList\",\"@id\":\"https:\\\/\\\/villas-malet-roquefort.fr\\\/en\\\/#breadcrumb\",\"itemListElement\":[{\"@type\":\"ListItem\",\"position\":1,\"name\":\"Accueil\",\"item\":\"https:\\\/\\\/villas-malet-roquefort.fr\\\/en\\\/\"},{\"@type\":\"ListItem\",\"position\":2,\"name\":\"Welcome to Domaines Comte de Malet Roquefort\"}]},{\"@type\":\"WebSite\",\"@id\":\"https:\\\/\\\/villas-malet-roquefort.fr\\\/en\\\/#website\",\"url\":\"https:\\\/\\\/villas-malet-roquefort.fr\\\/en\\\/\",\"name\":\"Domaines comte de malet roquefort\",\"description\":\"Four elegant accommodations for a stay in the Grand Saint-Emilion region.\",\"potentialAction\":[{\"@type\":\"SearchAction\",\"target\":{\"@type\":\"EntryPoint\",\"urlTemplate\":\"https:\\\/\\\/villas-malet-roquefort.fr\\\/en\\\/?s={search_term_string}\"},\"query-input\":{\"@type\":\"PropertyValueSpecification\",\"valueRequired\":true,\"valueName\":\"search_term_string\"}}],\"inLanguage\":\"en-US\"}]}<\/script>\n<!-- \/ Yoast SEO plugin. -->","yoast_head_json":{"title":"Welcome to Domaines Comte de Malet Roquefort - Domaines comte de malet roquefort","robots":{"index":"index","follow":"follow","max-snippet":"max-snippet:-1","max-image-preview":"max-image-preview:large","max-video-preview":"max-video-preview:-1"},"canonical":"https:\/\/villas-malet-roquefort.fr\/en\/","og_locale":"en_US","og_type":"article","og_title":"Welcome to Domaines Comte de Malet Roquefort - Domaines comte de malet roquefort","og_description":"Since 1705, the Malet Roquefort family have passed on the torch and the history of their vineyards. They are keen to share their know-how.Today, the family opens its doors to you.You&#8217;ll stay in a unique setting and be welcomed by our concierge service. The Domaines Comte de Malet Roquefort comprise four wine estates, including the &hellip; Continue reading \"Villa d&#8217;Armens\"","og_url":"https:\/\/villas-malet-roquefort.fr\/en\/","og_site_name":"Domaines comte de malet roquefort","article_modified_time":"2025-12-17T15:18:14+00:00","twitter_card":"summary_large_image","twitter_misc":{"Est. reading time":"1 minute"},"schema":{"@context":"https:\/\/schema.org","@graph":[{"@type":"WebPage","@id":"https:\/\/villas-malet-roquefort.fr\/en\/","url":"https:\/\/villas-malet-roquefort.fr\/en\/","name":"Welcome to Domaines Comte de Malet Roquefort - Domaines comte de malet roquefort","isPartOf":{"@id":"https:\/\/villas-malet-roquefort.fr\/en\/#website"},"datePublished":"2017-06-09T12:12:15+00:00","dateModified":"2025-12-17T15:18:14+00:00","breadcrumb":{"@id":"https:\/\/villas-malet-roquefort.fr\/en\/#breadcrumb"},"inLanguage":"en-US","potentialAction":[{"@type":"ReadAction","target":["https:\/\/villas-malet-roquefort.fr\/en\/"]}]},{"@type":"BreadcrumbList","@id":"https:\/\/villas-malet-roquefort.fr\/en\/#breadcrumb","itemListElement":[{"@type":"ListItem","position":1,"name":"Accueil","item":"https:\/\/villas-malet-roquefort.fr\/en\/"},{"@type":"ListItem","position":2,"name":"Welcome to Domaines Comte de Malet Roquefort"}]},{"@type":"WebSite","@id":"https:\/\/villas-malet-roquefort.fr\/en\/#website","url":"https:\/\/villas-malet-roquefort.fr\/en\/","name":"Domaines comte de malet roquefort","description":"Four elegant accommodations for a stay in the Grand Saint-Emilion region.","potentialAction":[{"@type":"SearchAction","target":{"@type":"EntryPoint","urlTemplate":"https:\/\/villas-malet-roquefort.fr\/en\/?s={search_term_string}"},"query-input":{"@type":"PropertyValueSpecification","valueRequired":true,"valueName":"search_term_string"}}],"inLanguage":"en-US"}]}},"_links":{"self":[{"href":"https:\/\/villas-malet-roquefort.fr\/en\/wp-json\/wp\/v2\/pages\/1686","targetHints":{"allow":["GET"]}}],"collection":[{"href":"https:\/\/villas-malet-roquefort.fr\/en\/wp-json\/wp\/v2\/pages"}],"about":[{"href":"https:\/\/villas-malet-roquefort.fr\/en\/wp-json\/wp\/v2\/types\/page"}],"author":[{"embeddable":true,"href":"https:\/\/villas-malet-roquefort.fr\/en\/wp-json\/wp\/v2\/users\/3"}],"replies":[{"embeddable":true,"href":"https:\/\/villas-malet-roquefort.fr\/en\/wp-json\/wp\/v2\/comments?post=1686"}],"version-history":[{"count":6,"href":"https:\/\/villas-malet-roquefort.fr\/en\/wp-json\/wp\/v2\/pages\/1686\/revisions"}],"predecessor-version":[{"id":5243,"href":"https:\/\/villas-malet-roquefort.fr\/en\/wp-json\/wp\/v2\/pages\/1686\/revisions\/5243"}],"wp:attachment":[{"href":"https:\/\/villas-malet-roquefort.fr\/en\/wp-json\/wp\/v2\/media?parent=1686"}],"curies":[{"name":"wp","href":"https:\/\/api.w.org\/{rel}","templated":true}]}}